{"id":3,"date":"2019-02-06T11:01:47","date_gmt":"2019-02-06T11:01:47","guid":{"rendered":"https:\/\/kingwalk.com\/politica-de-privacidad"},"modified":"2020-03-24T22:47:03","modified_gmt":"2020-03-24T21:47:03","slug":"politica-de-privacidad","status":"publish","type":"page","link":"https:\/\/kingwalk.com\/fn\/politica-de-privacidad\/","title":{"rendered":"Politique de confidentialit\u00e9"},"content":{"rendered":"<div class=\"rte\" style=\"text-align: center;\">\n<h2 style=\"text-align: center;\"><strong>PROTECTION DE DONN\u00c9ES<\/strong><\/h2>\n<p style=\"text-align: center;\">&nbsp;<\/p>\n<p>Conform\u00e9ment \u00e0 l'article 13 de la loi 15\/2003 qualifi\u00e9e pour la protection des donn\u00e9es personnelles, du 18 d\u00e9cembre, qui r\u00e9git le droit \u00e0 l'information des personnes int\u00e9ress\u00e9es par les processus de collecte de donn\u00e9es personnelles, il est rapport\u00e9 que les donn\u00e9es personnelles le personnel transf\u00e9r\u00e9 au moyen de cette notification sera inclus dans le fichier d'enregistrement des fichiers de donn\u00e9es personnelles, cr\u00e9\u00e9 par KingWalk. Accord gouvernemental de la session du 1er juillet 2004 (publi\u00e9 dans BOPA n \u00b0 41, ann\u00e9e 16, du 7 juillet 2004) par lequel les fichiers de donn\u00e9es personnelles existant dans KingWalk sont r\u00e9glement\u00e9s. Le fichier a pour objet d'assurer la publicit\u00e9 de l'existence de fichiers contenant des donn\u00e9es personnelles pour permettre l'exercice du droit \u00e0 l'information, l'opposition, l'acc\u00e8s, la rectification et la suppression des donn\u00e9es. Les donn\u00e9es de la personne physique qui intervient dans cet acte de notification ne peuvent \u00eatre utilis\u00e9es que pour les proc\u00e9dures administratives n\u00e9cessaires au traitement de la demande correspondante. Vous avez le droit d'acc\u00e9der, de rectifier ou, si vous le souhaitez, de supprimer vos donn\u00e9es personnelles de KingWalk, qui est reconnu comme l'autorit\u00e9 publique responsable du traitement.<\/p>\n<p> Dans le cas o\u00f9 la notification comprend des donn\u00e9es personnelles de personnes physiques diff\u00e9rentes de celle qui effectue la demande ou de la personne responsable du traitement, avant de le faire, il sera obligatoire d'informer cette personne des probl\u00e8mes d\u00e9crits dans le paragraphe ci-dessus.<\/p>\n<p> Vous disposez d'un droit d'acc\u00e8s, de rectification, d'opposition et de suppression de vos donn\u00e9es personnelles, conform\u00e9ment aux dispositions de la r\u00e9glementation en vigueur sur la protection des donn\u00e9es personnelles.<\/p>\n<p>KingWalk se r\u00e9serve le droit de modifier le contenu de ce site Web \u00e0 tout moment et sans pr\u00e9avis.<\/p>\n<p>TOUS NOS PRODUITS SONT DES R\u00c9PLIQUES DE HAUTE QUALIT\u00c9<\/p>\n<\/div>","protected":false},"excerpt":{"rendered":"<p>PROTECCI\u00d3N DE DATOS &nbsp; En cumplimiento del articulo 13 de la ley 15\/2003 cualificada de protecci\u00f3n de datos personales, del 18 de diciembre, por el cual se regula el derecho de informaci\u00f3n de las personas interesadasen los procesos de recogida de datos personales, se informa quelos datos de car\u00e1cter personal que se cedan mediante esta [&hellip;]<\/p>\n","protected":false},"author":893,"featured_media":0,"parent":0,"menu_order":0,"comment_status":"closed","ping_status":"open","template":"","meta":{"site-sidebar-layout":"default","site-content-layout":"","ast-site-content-layout":"default","site-content-style":"default","site-sidebar-style":"default","ast-global-header-display":"","ast-banner-title-visibility":"","ast-main-header-display":"","ast-hfb-above-header-display":"","ast-hfb-below-header-display":"","ast-hfb-mobile-header-display":"","site-post-title":"","ast-breadcrumbs-content":"","ast-featured-img":"","footer-sml-layout":"","ast-disable-related-posts":"","theme-transparent-header-meta":"","adv-header-id-meta":"","stick-header-meta":"","header-above-stick-meta":"","header-main-stick-meta":"","header-below-stick-meta":"","astra-migrate-meta-layouts":"default","ast-page-background-enabled":"default","ast-page-background-meta":{"desktop":{"background-color":"var(--ast-global-color-4)","background-image":"","background-repeat":"repeat","background-position":"center center","background-size":"auto","background-attachment":"scroll","background-type":"","background-media":"","overlay-type":"","overlay-color":"","overlay-opacity":"","overlay-gradient":""},"tablet":{"background-color":"","background-image":"","background-repeat":"repeat","background-position":"center center","background-size":"auto","background-attachment":"scroll","background-type":"","background-media":"","overlay-type":"","overlay-color":"","overlay-opacity":"","overlay-gradient":""},"mobile":{"background-color":"","background-image":"","background-repeat":"repeat","background-position":"center center","background-size":"auto","background-attachment":"scroll","background-type":"","background-media":"","overlay-type":"","overlay-color":"","overlay-opacity":"","overlay-gradient":""}},"ast-content-background-meta":{"desktop":{"background-color":"var(--ast-global-color-5)","background-image":"","background-repeat":"repeat","background-position":"center center","background-size":"auto","background-attachment":"scroll","background-type":"","background-media":"","overlay-type":"","overlay-color":"","overlay-opacity":"","overlay-gradient":""},"tablet":{"background-color":"var(--ast-global-color-5)","background-image":"","background-repeat":"repeat","background-position":"center center","background-size":"auto","background-attachment":"scroll","background-type":"","background-media":"","overlay-type":"","overlay-color":"","overlay-opacity":"","overlay-gradient":""},"mobile":{"background-color":"var(--ast-global-color-5)","background-image":"","background-repeat":"repeat","background-position":"center center","background-size":"auto","background-attachment":"scroll","background-type":"","background-media":"","overlay-type":"","overlay-color":"","overlay-opacity":"","overlay-gradient":""}},"_joinchat":[],"footnotes":""},"class_list":["post-3","page","type-page","status-publish","hentry"],"_links":{"self":[{"href":"https:\/\/kingwalk.com\/fn\/wp-json\/wp\/v2\/pages\/3","targetHints":{"allow":["GET"]}}],"collection":[{"href":"https:\/\/kingwalk.com\/fn\/wp-json\/wp\/v2\/pages"}],"about":[{"href":"https:\/\/kingwalk.com\/fn\/wp-json\/wp\/v2\/types\/page"}],"author":[{"embeddable":true,"href":"https:\/\/kingwalk.com\/fn\/wp-json\/wp\/v2\/users\/893"}],"replies":[{"embeddable":true,"href":"https:\/\/kingwalk.com\/fn\/wp-json\/wp\/v2\/comments?post=3"}],"version-history":[{"count":12,"href":"https:\/\/kingwalk.com\/fn\/wp-json\/wp\/v2\/pages\/3\/revisions"}],"predecessor-version":[{"id":20789,"href":"https:\/\/kingwalk.com\/fn\/wp-json\/wp\/v2\/pages\/3\/revisions\/20789"}],"wp:attachment":[{"href":"https:\/\/kingwalk.com\/fn\/wp-json\/wp\/v2\/media?parent=3"}],"curies":[{"name":"wp","href":"https:\/\/api.w.org\/{rel}","templated":true}]}}