{"id":3,"date":"2019-02-06T11:01:47","date_gmt":"2019-02-06T11:01:47","guid":{"rendered":"https:\/\/kingwalk.com\/politica-de-privacidad"},"modified":"2020-03-24T22:47:03","modified_gmt":"2020-03-24T21:47:03","slug":"politica-de-privacidad","status":"publish","type":"page","link":"https:\/\/kingwalk.com\/it\/politica-de-privacidad\/","title":{"rendered":"Politica Sulla Riservatezza"},"content":{"rendered":"<div class=\"rte\" style=\"text-align: center;\">\n<h2 style=\"text-align: center;\"><strong>PROTEZIONE DATI<\/strong><\/h2>\n<p style=\"text-align: center;\">&nbsp;<\/p>\n<p>In conformit\u00e0 con l'articolo 13 della legge qualificata 15\/2003 sulla protezione dei dati personali, del 18 dicembre, che regola il diritto all'informazione delle persone interessate nei processi di raccolta dei dati personali, si informa che i dati di un dato personale trasferiti attraverso tale notifica sar\u00e0 inclusa nel file di registrazione dei file di dati personali, creato da KingWalk. Accordo governativo della sessione del 1 luglio 2004 (pubblicato nel BOPA n. 41, anno 16, del 7 luglio 2004) con il quale vengono regolamentati gli archivi di dati personali esistenti in KingWalk. Lo scopo del file \u00e8 quello di garantire la pubblicit\u00e0 dell'esistenza di file contenenti dati personali per rendere possibile l'esercizio del diritto di informazione, opposizione, accesso, rettifica e cancellazione dei dati. I dati della persona fisica che interviene in questo atto effettuando la notifica possono essere utilizzati solo per le procedure amministrative necessarie per elaborare la richiesta corrispondente. Hai il diritto di accedere ai tuoi dati personali informatici, rettificarli o, se lo desideri, cancellarli da KingWalk, che \u00e8 riconosciuta come l'autorit\u00e0 pubblica responsabile del trattamento.<\/p>\n<p> Nel caso in cui la comunicazione contenga dati personali di persone fisiche diverse dall'intestatario della richiesta o dal responsabile del trattamento, prima di procedere sar\u00e0 obbligatorio informare tale soggetto delle problematiche descritte al paragrafo precedente.<\/p>\n<p> Hai il diritto di accesso, rettifica, opposizione e cancellazione dei tuoi dati personali, in conformit\u00e0 con quanto previsto dalla normativa vigente in materia di protezione dei dati personali.<\/p>\n<p>KingWalk si riserva il diritto di modificare il contenuto di questo sito Web in qualsiasi momento e senza preavviso.<\/p>\n<p>TUTTI I NOSTRI PRODOTTI SONO REPLICHE DI ALTA QUALIT\u00c0<\/p>\n<\/div>","protected":false},"excerpt":{"rendered":"<p>PROTECCI\u00d3N DE DATOS &nbsp; En cumplimiento del articulo 13 de la ley 15\/2003 cualificada de protecci\u00f3n de datos personales, del 18 de diciembre, por el cual se regula el derecho de informaci\u00f3n de las personas interesadasen los procesos de recogida de datos personales, se informa quelos datos de car\u00e1cter personal que se cedan mediante esta [&hellip;]<\/p>\n","protected":false},"author":893,"featured_media":0,"parent":0,"menu_order":0,"comment_status":"closed","ping_status":"open","template":"","meta":{"site-sidebar-layout":"default","site-content-layout":"","ast-site-content-layout":"default","site-content-style":"default","site-sidebar-style":"default","ast-global-header-display":"","ast-banner-title-visibility":"","ast-main-header-display":"","ast-hfb-above-header-display":"","ast-hfb-below-header-display":"","ast-hfb-mobile-header-display":"","site-post-title":"","ast-breadcrumbs-content":"","ast-featured-img":"","footer-sml-layout":"","ast-disable-related-posts":"","theme-transparent-header-meta":"","adv-header-id-meta":"","stick-header-meta":"","header-above-stick-meta":"","header-main-stick-meta":"","header-below-stick-meta":"","astra-migrate-meta-layouts":"default","ast-page-background-enabled":"default","ast-page-background-meta":{"desktop":{"background-color":"var(--ast-global-color-4)","background-image":"","background-repeat":"repeat","background-position":"center center","background-size":"auto","background-attachment":"scroll","background-type":"","background-media":"","overlay-type":"","overlay-color":"","overlay-opacity":"","overlay-gradient":""},"tablet":{"background-color":"","background-image":"","background-repeat":"repeat","background-position":"center center","background-size":"auto","background-attachment":"scroll","background-type":"","background-media":"","overlay-type":"","overlay-color":"","overlay-opacity":"","overlay-gradient":""},"mobile":{"background-color":"","background-image":"","background-repeat":"repeat","background-position":"center center","background-size":"auto","background-attachment":"scroll","background-type":"","background-media":"","overlay-type":"","overlay-color":"","overlay-opacity":"","overlay-gradient":""}},"ast-content-background-meta":{"desktop":{"background-color":"var(--ast-global-color-5)","background-image":"","background-repeat":"repeat","background-position":"center center","background-size":"auto","background-attachment":"scroll","background-type":"","background-media":"","overlay-type":"","overlay-color":"","overlay-opacity":"","overlay-gradient":""},"tablet":{"background-color":"var(--ast-global-color-5)","background-image":"","background-repeat":"repeat","background-position":"center center","background-size":"auto","background-attachment":"scroll","background-type":"","background-media":"","overlay-type":"","overlay-color":"","overlay-opacity":"","overlay-gradient":""},"mobile":{"background-color":"var(--ast-global-color-5)","background-image":"","background-repeat":"repeat","background-position":"center center","background-size":"auto","background-attachment":"scroll","background-type":"","background-media":"","overlay-type":"","overlay-color":"","overlay-opacity":"","overlay-gradient":""}},"_joinchat":[],"footnotes":""},"class_list":["post-3","page","type-page","status-publish","hentry"],"_links":{"self":[{"href":"https:\/\/kingwalk.com\/it\/wp-json\/wp\/v2\/pages\/3","targetHints":{"allow":["GET"]}}],"collection":[{"href":"https:\/\/kingwalk.com\/it\/wp-json\/wp\/v2\/pages"}],"about":[{"href":"https:\/\/kingwalk.com\/it\/wp-json\/wp\/v2\/types\/page"}],"author":[{"embeddable":true,"href":"https:\/\/kingwalk.com\/it\/wp-json\/wp\/v2\/users\/893"}],"replies":[{"embeddable":true,"href":"https:\/\/kingwalk.com\/it\/wp-json\/wp\/v2\/comments?post=3"}],"version-history":[{"count":12,"href":"https:\/\/kingwalk.com\/it\/wp-json\/wp\/v2\/pages\/3\/revisions"}],"predecessor-version":[{"id":20789,"href":"https:\/\/kingwalk.com\/it\/wp-json\/wp\/v2\/pages\/3\/revisions\/20789"}],"wp:attachment":[{"href":"https:\/\/kingwalk.com\/it\/wp-json\/wp\/v2\/media?parent=3"}],"curies":[{"name":"wp","href":"https:\/\/api.w.org\/{rel}","templated":true}]}}